{"id":3090,"date":"2024-03-30T00:12:30","date_gmt":"2024-03-30T00:12:30","guid":{"rendered":"https:\/\/mip-digital.com\/?page_id=3090"},"modified":"2024-04-04T05:38:00","modified_gmt":"2024-04-04T05:38:00","slug":"contacto","status":"publish","type":"page","link":"https:\/\/mip-digital.com\/es\/contacto\/","title":{"rendered":"Contacto"},"content":{"rendered":"<div data-elementor-type=\"wp-page\" data-elementor-id=\"3090\" class=\"elementor elementor-3090\">\n\t\t\t\t<div class=\"elementor-element elementor-element-b05d17e e-flex e-con-boxed e-con e-parent\" data-id=\"b05d17e\" data-element_type=\"container\">\r\n\t\t\t\t\t<div class=\"e-con-inner\">\r\n\t\t\t\t<div class=\"elementor-element elementor-element-8c189a8 elementor-widget elementor-widget-spacer\" data-id=\"8c189a8\" data-element_type=\"widget\" data-widget_type=\"spacer.default\">\n\t\t\t\t<div class=\"elementor-widget-container\">\n\t\t\t\t\t\t\t<div class=\"elementor-spacer\">\n\t\t\t<div class=\"elementor-spacer-inner\"><\/div>\n\t\t<\/div>\n\t\t\t\t\t\t<\/div>\n\t\t\t\t<\/div>\n\t\t\t\t\t<\/div>\n\t\t\t\t<\/div>\n\t\t<div class=\"elementor-element elementor-element-0445b36 e-flex e-con-boxed e-con e-parent\" data-id=\"0445b36\" data-element_type=\"container\">\r\n\t\t\t\t\t<div class=\"e-con-inner\">\r\n\t\t\t\t<div class=\"elementor-element elementor-element-75b58ea elementor-widget__width-initial elementor-widget elementor-widget-heading\" data-id=\"75b58ea\" data-element_type=\"widget\" data-widget_type=\"heading.default\">\n\t\t\t\t<div class=\"elementor-widget-container\">\n\t\t\t\t\t<h2 class=\"elementor-heading-title elementor-size-default\">Diagn\u00f3stico gratuito para emprendedores asistentes <\/h2>\t\t\t\t<\/div>\n\t\t\t\t<\/div>\n\t\t\t\t<div class=\"elementor-element elementor-element-1168e2c elementor-widget__width-initial elementor-widget elementor-widget-heading\" data-id=\"1168e2c\" data-element_type=\"widget\" data-widget_type=\"heading.default\">\n\t\t\t\t<div class=\"elementor-widget-container\">\n\t\t\t\t\t<h2 class=\"elementor-heading-title elementor-size-default\">del Evento de emprendimiento Washington DC este jueves 03 de abril<\/h2>\t\t\t\t<\/div>\n\t\t\t\t<\/div>\n\t\t\t\t<div class=\"elementor-element elementor-element-0e54e12 elementor-widget__width-initial elementor-widget elementor-widget-heading\" data-id=\"0e54e12\" data-element_type=\"widget\" data-widget_type=\"heading.default\">\n\t\t\t\t<div class=\"elementor-widget-container\">\n\t\t\t\t\t<h2 class=\"elementor-heading-title elementor-size-default\">Como emprendedor, entendemos lo importante que es para usted tener acceso a recursos y herramientas valiosas para hacer crecer su negocio. Es por eso que nos complace ofrecerle un beneficio exclusivo como asistente al evento de emprendimiento: un diagn\u00f3stico gratuito para su empresa.<\/h2>\t\t\t\t<\/div>\n\t\t\t\t<\/div>\n\t\t\t\t\t<\/div>\n\t\t\t\t<\/div>\n\t\t<div class=\"elementor-element elementor-element-7750741 e-flex e-con-boxed e-con e-parent\" data-id=\"7750741\" data-element_type=\"container\">\r\n\t\t\t\t\t<div class=\"e-con-inner\">\r\n\t\t\t\t<div class=\"elementor-element elementor-element-0452e03 elementor-widget elementor-widget-spacer\" data-id=\"0452e03\" data-element_type=\"widget\" data-widget_type=\"spacer.default\">\n\t\t\t\t<div class=\"elementor-widget-container\">\n\t\t\t\t\t\t\t<div class=\"elementor-spacer\">\n\t\t\t<div class=\"elementor-spacer-inner\"><\/div>\n\t\t<\/div>\n\t\t\t\t\t\t<\/div>\n\t\t\t\t<\/div>\n\t\t\t\t\t<\/div>\n\t\t\t\t<\/div>\n\t\t<div class=\"elementor-element elementor-element-9ccc59d e-flex e-con-boxed e-con e-parent\" data-id=\"9ccc59d\" data-element_type=\"container\">\r\n\t\t\t\t\t<div class=\"e-con-inner\">\r\n\t\t\t\t<div class=\"elementor-element elementor-element-1c26b6d elementor-widget elementor-widget-heading\" data-id=\"1c26b6d\" data-element_type=\"widget\" data-widget_type=\"heading.default\">\n\t\t\t\t<div class=\"elementor-widget-container\">\n\t\t\t\t\t<h2 class=\"elementor-heading-title elementor-size-default\">\u00bfQu\u00e9 Ofrecemos?<\/h2>\t\t\t\t<\/div>\n\t\t\t\t<\/div>\n\t\t\t\t\t<\/div>\n\t\t\t\t<\/div>\n\t\t<div class=\"elementor-element elementor-element-0be112f e-flex e-con-boxed e-con e-parent\" data-id=\"0be112f\" data-element_type=\"container\">\r\n\t\t\t\t\t<div class=\"e-con-inner\">\r\n\t\t<div class=\"elementor-element elementor-element-6fc8c7e e-con-full e-flex e-con e-child\" data-id=\"6fc8c7e\" data-element_type=\"container\">\r\n\t\t\t\t<div class=\"elementor-element elementor-element-3f50458 elementor-widget__width-initial elementor-widget-mobile__width-initial elementor-view-default elementor-position-top elementor-mobile-position-top elementor-widget elementor-widget-icon-box\" data-id=\"3f50458\" data-element_type=\"widget\" data-widget_type=\"icon-box.default\">\n\t\t\t\t<div class=\"elementor-widget-container\">\n\t\t\t\t\t\t\t<div class=\"elementor-icon-box-wrapper\">\n\n\t\t\t\t\t\t<div class=\"elementor-icon-box-icon\">\n\t\t\t\t<span  class=\"elementor-icon\">\n\t\t\t\t<i aria-hidden=\"true\" class=\"far fa-check-circle\"><\/i>\t\t\t\t<\/span>\n\t\t\t<\/div>\n\t\t\t\n\t\t\t\t\t\t<div class=\"elementor-icon-box-content\">\n\n\t\t\t\t\t\t\t\t\t<h3 class=\"elementor-icon-box-title\">\n\t\t\t\t\t\t<span  >\n\t\t\t\t\t\t\tDiagn\u00f3stico Gratuito para su Negocio\t\t\t\t\t\t<\/span>\n\t\t\t\t\t<\/h3>\n\t\t\t\t\n\t\t\t\t\t\t\t\t\t<p class=\"elementor-icon-box-description\">\n\t\t\t\t\t\tAl asistir al evento de emprendimiento, tendr\u00e1 la oportunidad de acceder a un diagn\u00f3stico completo y personalizado para su empresa, sin ning\u00fan costo. Este diagn\u00f3stico le proporcionar\u00e1 informaci\u00f3n clave sobre el rendimiento actual de su negocio y las \u00e1reas de mejora.\t\t\t\t\t<\/p>\n\t\t\t\t\n\t\t\t<\/div>\n\t\t\t\n\t\t<\/div>\n\t\t\t\t\t\t<\/div>\n\t\t\t\t<\/div>\n\t\t\t\t<\/div>\n\t\t<div class=\"elementor-element elementor-element-2334a3c e-con-full e-flex e-con e-child\" data-id=\"2334a3c\" data-element_type=\"container\">\r\n\t\t\t\t<div class=\"elementor-element elementor-element-e41d3f2 elementor-widget elementor-widget-porto_hb_divider\" data-id=\"e41d3f2\" data-element_type=\"widget\" data-widget_type=\"porto_hb_divider.default\">\n\t\t\t\t<div class=\"elementor-widget-container\">\n\t\t\t\t\t<span class=\"separator\"><\/span>\t\t\t\t<\/div>\n\t\t\t\t<\/div>\n\t\t\t\t<\/div>\n\t\t<div class=\"elementor-element elementor-element-51f2f8b e-con-full e-flex e-con e-child\" data-id=\"51f2f8b\" data-element_type=\"container\">\r\n\t\t\t\t<div class=\"elementor-element elementor-element-bb1dece elementor-widget-mobile__width-initial elementor-view-default elementor-position-top elementor-mobile-position-top elementor-widget elementor-widget-icon-box\" data-id=\"bb1dece\" data-element_type=\"widget\" data-widget_type=\"icon-box.default\">\n\t\t\t\t<div class=\"elementor-widget-container\">\n\t\t\t\t\t\t\t<div class=\"elementor-icon-box-wrapper\">\n\n\t\t\t\t\t\t<div class=\"elementor-icon-box-icon\">\n\t\t\t\t<span  class=\"elementor-icon\">\n\t\t\t\t<i aria-hidden=\"true\" class=\"far fa-newspaper\"><\/i>\t\t\t\t<\/span>\n\t\t\t<\/div>\n\t\t\t\n\t\t\t\t\t\t<div class=\"elementor-icon-box-content\">\n\n\t\t\t\t\t\t\t\t\t<h3 class=\"elementor-icon-box-title\">\n\t\t\t\t\t\t<span  >\n\t\t\t\t\t\t\tConsultor\u00eda Personalizada\t\t\t\t\t\t<\/span>\n\t\t\t\t\t<\/h3>\n\t\t\t\t\n\t\t\t\t\t\t\t\t\t<p class=\"elementor-icon-box-description\">\n\t\t\t\t\t\tUna vez que se haya suscrito al formulario, recibir\u00e1 una consulta gratuita con nuestros expertos en negocios. Discutiremos los resultados del diagn\u00f3stico y le proporcionaremos recomendaciones espec\u00edficas para ayudarlo a alcanzar sus objetivos empresariales.\t\t\t\t\t<\/p>\n\t\t\t\t\n\t\t\t<\/div>\n\t\t\t\n\t\t<\/div>\n\t\t\t\t\t\t<\/div>\n\t\t\t\t<\/div>\n\t\t\t\t<\/div>\n\t\t\t\t\t<\/div>\n\t\t\t\t<\/div>\n\t\t<div class=\"elementor-element elementor-element-987d0b0 e-flex e-con-boxed e-con e-parent\" data-id=\"987d0b0\" data-element_type=\"container\">\r\n\t\t\t\t\t<div class=\"e-con-inner\">\r\n\t\t\t\t<div class=\"elementor-element elementor-element-a331f06 elementor-widget elementor-widget-spacer\" data-id=\"a331f06\" data-element_type=\"widget\" data-widget_type=\"spacer.default\">\n\t\t\t\t<div class=\"elementor-widget-container\">\n\t\t\t\t\t\t\t<div class=\"elementor-spacer\">\n\t\t\t<div class=\"elementor-spacer-inner\"><\/div>\n\t\t<\/div>\n\t\t\t\t\t\t<\/div>\n\t\t\t\t<\/div>\n\t\t\t\t<div class=\"elementor-element elementor-element-948ee4a elementor-widget elementor-widget-heading\" data-id=\"948ee4a\" data-element_type=\"widget\" data-widget_type=\"heading.default\">\n\t\t\t\t<div class=\"elementor-widget-container\">\n\t\t\t\t\t<h2 class=\"elementor-heading-title elementor-size-default\">\u00bfC\u00f3mo Obtener su Diagn\u00f3stico Gratuito?<\/h2>\t\t\t\t<\/div>\n\t\t\t\t<\/div>\n\t\t\t\t\t<\/div>\n\t\t\t\t<\/div>\n\t\t<div class=\"elementor-element elementor-element-6698f25 e-flex e-con-boxed e-con e-parent\" data-id=\"6698f25\" data-element_type=\"container\">\r\n\t\t\t\t\t<div class=\"e-con-inner\">\r\n\t\t\t\t<div class=\"elementor-element elementor-element-7528c79 elementor-widget__width-initial elementor-widget elementor-widget-text-editor\" data-id=\"7528c79\" data-element_type=\"widget\" data-widget_type=\"text-editor.default\">\n\t\t\t\t<div class=\"elementor-widget-container\">\n\t\t\t\t\t\t\t\t\t<ol><li>Asista al Evento de Emprendimiento: \u00a1No se pierda la oportunidad de participar en nuestro evento de emprendimiento! Al asistir, tendr\u00e1 acceso exclusivo a nuestro servicio de diagn\u00f3stico gratuito.<\/li><li>Suscr\u00edbase al Formulario: Complete nuestro formulario de suscripci\u00f3n en el evento para solicitar su diagn\u00f3stico gratuito. Esta informaci\u00f3n nos ayudar\u00e1 a comprender mejor su empresa y a personalizar nuestro diagn\u00f3stico seg\u00fan sus necesidades.<\/li><\/ol>\t\t\t\t\t\t\t\t<\/div>\n\t\t\t\t<\/div>\n\t\t\t\t\t<\/div>\n\t\t\t\t<\/div>\n\t\t<div class=\"elementor-element elementor-element-38c8ca4 e-flex e-con-boxed e-con e-parent\" data-id=\"38c8ca4\" data-element_type=\"container\">\r\n\t\t\t\t\t<div class=\"e-con-inner\">\r\n\t\t<div class=\"elementor-element elementor-element-a40d176 e-con-full e-flex e-con e-child\" data-id=\"a40d176\" data-element_type=\"container\">\r\n\t\t\t\t<div class=\"elementor-element elementor-element-d6ffa92 elementor-widget elementor-widget-image\" data-id=\"d6ffa92\" data-element_type=\"widget\" data-widget_type=\"image.default\">\n\t\t\t\t<div class=\"elementor-widget-container\">\n\t\t\t\t\t\t\t\t\t\t\t\t\t\t\t<img fetchpriority=\"high\" decoding=\"async\" width=\"494\" height=\"1024\" src=\"https:\/\/mip-digital.com\/wp-content\/uploads\/2024\/04\/Sin-titulo-18-1-494x1024.png\" class=\"attachment-large size-large wp-image-3134\" alt=\"\" srcset=\"https:\/\/mip-digital.com\/wp-content\/uploads\/2024\/04\/Sin-titulo-18-1-494x1024.png 494w, https:\/\/mip-digital.com\/wp-content\/uploads\/2024\/04\/Sin-titulo-18-1-400x829.png 400w, https:\/\/mip-digital.com\/wp-content\/uploads\/2024\/04\/Sin-titulo-18-1-367x761.png 367w\" sizes=\"(max-width: 494px) 100vw, 494px\" \/>\t\t\t\t\t\t\t\t\t\t\t\t\t\t\t<\/div>\n\t\t\t\t<\/div>\n\t\t\t\t<div class=\"elementor-element elementor-element-200210c elementor-widget__width-initial elementor-widget elementor-widget-heading\" data-id=\"200210c\" data-element_type=\"widget\" data-widget_type=\"heading.default\">\n\t\t\t\t<div class=\"elementor-widget-container\">\n\t\t\t\t\t<h2 class=\"elementor-heading-title elementor-size-default\">Aproveche esta oportunidad \u00fanica para obtener una evaluaci\u00f3n profesional de su empresa y descubrir nuevas oportunidades de crecimiento y \u00e9xito. \u00danase a nosotros en el evento de emprendimiento y suscr\u00edbase hoy mismo para reclamar su diagn\u00f3stico gratuito.<\/h2>\t\t\t\t<\/div>\n\t\t\t\t<\/div>\n\t\t\t\t<div class=\"elementor-element elementor-element-68302ba elementor-widget__width-initial elementor-widget elementor-widget-heading\" data-id=\"68302ba\" data-element_type=\"widget\" data-widget_type=\"heading.default\">\n\t\t\t\t<div class=\"elementor-widget-container\">\n\t\t\t\t\t<h2 class=\"elementor-heading-title elementor-size-default\">Esperamos verlo en el evento y ayudarlo a llevar su negocio al siguiente nivel<\/h2>\t\t\t\t<\/div>\n\t\t\t\t<\/div>\n\t\t\t\t<\/div>\n\t\t<div class=\"elementor-element elementor-element-338ec63 e-con-full e-flex e-con e-child\" data-id=\"338ec63\" data-element_type=\"container\">\r\n\t\t\t\t<div class=\"elementor-element elementor-element-d3b49ee elementor-widget elementor-widget-spacer\" data-id=\"d3b49ee\" data-element_type=\"widget\" data-widget_type=\"spacer.default\">\n\t\t\t\t<div class=\"elementor-widget-container\">\n\t\t\t\t\t\t\t<div class=\"elementor-spacer\">\n\t\t\t<div class=\"elementor-spacer-inner\"><\/div>\n\t\t<\/div>\n\t\t\t\t\t\t<\/div>\n\t\t\t\t<\/div>\n\t\t<div class=\"elementor-element elementor-element-ebc0365 e-flex e-con-boxed e-con e-child\" data-id=\"ebc0365\" data-element_type=\"container\">\r\n\t\t\t\t\t<div class=\"e-con-inner\">\r\n\t\t\t\t<div class=\"elementor-element elementor-element-4b880ef elementor-widget elementor-widget-heading\" data-id=\"4b880ef\" data-element_type=\"widget\" data-widget_type=\"heading.default\">\n\t\t\t\t<div class=\"elementor-widget-container\">\n\t\t\t\t\t<h2 class=\"elementor-heading-title elementor-size-default\">Formulario de contacto<\/h2>\t\t\t\t<\/div>\n\t\t\t\t<\/div>\n\t\t\t\t<div class=\"elementor-element elementor-element-00585de elementor-widget elementor-widget-porto_contact_form\" data-id=\"00585de\" data-element_type=\"widget\" data-widget_type=\"porto_contact_form.default\">\n\t\t\t\t<div class=\"elementor-widget-container\">\n\t\t\t\t\t<div class=\"wpforms-container wpforms-container-full wpforms-render-modern\" id=\"wpforms-3126\"><form id=\"wpforms-form-3126\" class=\"wpforms-validate wpforms-form wpforms-ajax-form\" data-formid=\"3126\" method=\"post\" enctype=\"multipart\/form-data\" action=\"\/es\/wp-json\/wp\/v2\/pages\/3090\" data-token=\"e69eecfa37085d4ff5b5d0586b51c239\" data-token-time=\"1775317711\" data-trp-original-action=\"\/es\/wp-json\/wp\/v2\/pages\/3090\"><noscript class=\"wpforms-error-noscript\">Por favor, activa JavaScript en tu navegador para completar este formulario.<\/noscript><div class=\"wpforms-hidden\" id=\"wpforms-error-noscript\">Por favor, activa JavaScript en tu navegador para completar este formulario.<\/div><div class=\"wpforms-field-container\"><div id=\"wpforms-3126-field_0-container\" class=\"wpforms-field wpforms-field-name\" data-field-id=\"0\"><fieldset><legend class=\"wpforms-field-label\">Nombre <span class=\"wpforms-required-label\" aria-hidden=\"true\">*<\/span><\/legend><div class=\"wpforms-field-row wpforms-field-medium\"><div class=\"wpforms-field-row-block wpforms-first wpforms-one-half\"><input type=\"text\" id=\"wpforms-3126-field_0\" class=\"wpforms-field-name-first wpforms-field-required\" name=\"wpforms[fields][0][first]\" aria-errormessage=\"wpforms-3126-field_0-error\" required><label for=\"wpforms-3126-field_0\" class=\"wpforms-field-sublabel after\">Nombre<\/label><\/div><div class=\"wpforms-field-row-block wpforms-one-half\"><input type=\"text\" id=\"wpforms-3126-field_0-last\" class=\"wpforms-field-name-last wpforms-field-required\" name=\"wpforms[fields][0][last]\" aria-errormessage=\"wpforms-3126-field_0-last-error\" required><label for=\"wpforms-3126-field_0-last\" class=\"wpforms-field-sublabel after\">Apellidos<\/label><\/div><\/div><\/fieldset><\/div><div id=\"wpforms-3126-field_10-container\" class=\"wpforms-field wpforms-field-text\" data-field-id=\"10\"><label class=\"wpforms-field-label\" for=\"wpforms-3126-field_10\">Tel\u00e9fono <span class=\"wpforms-required-label\" aria-hidden=\"true\">*<\/span><\/label><input type=\"text\" id=\"wpforms-3126-field_10\" class=\"wpforms-field-medium wpforms-field-required wpforms-limit-characters-enabled\" data-form-id=\"3126\" data-field-id=\"10\" data-text-limit=\"50\" name=\"wpforms[fields][10]\" aria-errormessage=\"wpforms-3126-field_10-error\" maxlength=\"50\" required><\/div><div id=\"wpforms-3126-field_1-container\" class=\"wpforms-field wpforms-field-email\" data-field-id=\"1\"><label class=\"wpforms-field-label\" for=\"wpforms-3126-field_1\">Email <span class=\"wpforms-required-label\" aria-hidden=\"true\">*<\/span><\/label><input type=\"email\" id=\"wpforms-3126-field_1\" class=\"wpforms-field-medium wpforms-field-required\" name=\"wpforms[fields][1]\" spellcheck=\"false\" aria-errormessage=\"wpforms-3126-field_1-error\" required><\/div><div id=\"wpforms-3126-field_6-container\" class=\"wpforms-field wpforms-field-text\" data-field-id=\"6\"><label class=\"wpforms-field-label\" for=\"wpforms-3126-field_6\">Empresa <span class=\"wpforms-required-label\" aria-hidden=\"true\">*<\/span><\/label><input type=\"text\" id=\"wpforms-3126-field_6\" class=\"wpforms-field-medium wpforms-field-required\" name=\"wpforms[fields][6]\" aria-errormessage=\"wpforms-3126-field_6-error\" required><\/div><div id=\"wpforms-3126-field_5-container\" class=\"wpforms-field wpforms-field-text\" data-field-id=\"5\"><label class=\"wpforms-field-label\" for=\"wpforms-3126-field_5\"> Sector o industria <span class=\"wpforms-required-label\" aria-hidden=\"true\">*<\/span><\/label><input type=\"text\" id=\"wpforms-3126-field_5\" class=\"wpforms-field-medium wpforms-field-required\" name=\"wpforms[fields][5]\" aria-errormessage=\"wpforms-3126-field_5-error\" required><\/div><div id=\"wpforms-3126-field_7-container\" class=\"wpforms-field wpforms-field-number\" data-field-id=\"7\"><label class=\"wpforms-field-label\" for=\"wpforms-3126-field_7\">N\u00famero de empleados <span class=\"wpforms-required-label\" aria-hidden=\"true\">*<\/span><\/label><input type=\"number\" id=\"wpforms-3126-field_7\" class=\"wpforms-field-medium wpforms-field-required\" name=\"wpforms[fields][7]\" step=\"any\" aria-errormessage=\"wpforms-3126-field_7-error\" required><\/div><div id=\"wpforms-3126-field_2-container\" class=\"wpforms-field wpforms-field-textarea\" data-field-id=\"2\"><label class=\"wpforms-field-label\" for=\"wpforms-3126-field_2\">Mensaje<\/label><textarea id=\"wpforms-3126-field_2\" class=\"wpforms-field-medium\" name=\"wpforms[fields][2]\" placeholder=\" Detalle los principales desaf\u00edos o \u00e1reas problem\u00e1ticas que enfrenta su negocio\" aria-errormessage=\"wpforms-3126-field_2-error\" ><\/textarea><\/div><\/div><!-- .wpforms-field-container --><div class=\"wpforms-submit-container\" ><input type=\"hidden\" name=\"wpforms[id]\" value=\"3126\"><input type=\"hidden\" name=\"page_title\" value=\"\"><input type=\"hidden\" name=\"page_url\" value=\"https:\/\/mip-digital.com\/es\/wp-json\/wp\/v2\/pages\/3090\"><input type=\"hidden\" name=\"url_referer\" value=\"\"><button type=\"submit\" name=\"wpforms[submit]\" id=\"wpforms-submit-3126\" class=\"wpforms-submit\" data-alt-text=\"Sending...\" data-submit-text=\"Submit\" aria-live=\"assertive\" value=\"wpforms-submit\">Enviar<\/button><img decoding=\"async\" src=\"https:\/\/mip-digital.com\/wp-content\/plugins\/wpforms-lite\/assets\/images\/submit-spin.svg\" class=\"wpforms-submit-spinner\" style=\"display: none;\" width=\"26\" height=\"26\" alt=\"Cargando\"><\/div><input type=\"hidden\" name=\"trp-form-language\" value=\"es\"\/><\/form><\/div>  <!-- .wpforms-container -->\t\t\t\t<\/div>\n\t\t\t\t<\/div>\n\t\t\t\t\t<\/div>\n\t\t\t\t<\/div>\n\t\t\t\t<\/div>\n\t\t\t\t\t<\/div>\n\t\t\t\t<\/div>\n\t\t<div class=\"elementor-element elementor-element-ed036bd e-flex e-con-boxed e-con e-parent\" data-id=\"ed036bd\" data-element_type=\"container\">\r\n\t\t\t\t\t<div class=\"e-con-inner\">\r\n\t\t\t\t\t<\/div>\n\t\t\t\t<\/div>\n\t\t\t\t<\/div>","protected":false},"excerpt":{"rendered":"<p>Free Diagnostic for Entrepreneurs attending The Washington DC Entrepreneurship Event this Thursday, April 3 As an entrepreneur, we understand how important it is for you to have access to valuable resources and tools to grow your business. That is why we are pleased to offer you an exclusive benefit as an attendee of the entrepreneurship [&hellip;]<\/p>","protected":false},"author":1,"featured_media":0,"parent":0,"menu_order":0,"comment_status":"closed","ping_status":"closed","template":"","meta":{"_acf_changed":false,"_themeisle_gutenberg_block_has_review":false,"footnotes":""},"class_list":["post-3090","page","type-page","status-publish","hentry"],"acf":[],"jetpack_sharing_enabled":true,"_links":{"self":[{"href":"https:\/\/mip-digital.com\/es\/wp-json\/wp\/v2\/pages\/3090","targetHints":{"allow":["GET"]}}],"collection":[{"href":"https:\/\/mip-digital.com\/es\/wp-json\/wp\/v2\/pages"}],"about":[{"href":"https:\/\/mip-digital.com\/es\/wp-json\/wp\/v2\/types\/page"}],"author":[{"embeddable":true,"href":"https:\/\/mip-digital.com\/es\/wp-json\/wp\/v2\/users\/1"}],"replies":[{"embeddable":true,"href":"https:\/\/mip-digital.com\/es\/wp-json\/wp\/v2\/comments?post=3090"}],"version-history":[{"count":20,"href":"https:\/\/mip-digital.com\/es\/wp-json\/wp\/v2\/pages\/3090\/revisions"}],"predecessor-version":[{"id":3148,"href":"https:\/\/mip-digital.com\/es\/wp-json\/wp\/v2\/pages\/3090\/revisions\/3148"}],"wp:attachment":[{"href":"https:\/\/mip-digital.com\/es\/wp-json\/wp\/v2\/media?parent=3090"}],"curies":[{"name":"wp","href":"https:\/\/api.w.org\/{rel}","templated":true}]}}